{"id":168,"date":"2026-02-04T01:45:28","date_gmt":"2026-02-04T01:45:28","guid":{"rendered":"https:\/\/vieratrading.com\/?page_id=168"},"modified":"2026-02-04T04:00:39","modified_gmt":"2026-02-04T04:00:39","slug":"contact-us","status":"publish","type":"page","link":"https:\/\/vieratrading.com\/es\/contact-us\/","title":{"rendered":"Contacto"},"content":{"rendered":"<div data-elementor-type=\"wp-page\" data-elementor-id=\"168\" class=\"elementor elementor-168\" data-elementor-post-type=\"page\">\n\t\t\t\t<div class=\"elementor-element elementor-element-43453a4 e-con-full e-flex e-con e-parent\" data-id=\"43453a4\" data-element_type=\"container\" data-e-type=\"container\">\n\t\t\t\t<div class=\"elementor-element elementor-element-1941b35 elementor-widget elementor-widget-html\" data-id=\"1941b35\" data-element_type=\"widget\" data-e-type=\"widget\" data-widget_type=\"html.default\">\n\t\t\t\t<div class=\"elementor-widget-container\">\n\t\t\t\t\t    <!-- Page Header -->\r\n    <section class=\"page-header\"\r\n        style=\"background-image: url('https:\/\/vieratrading.com\/wp-content\/uploads\/2025\/06\/customs-services-customs-agent-in-the-port-of-cartagena-e1750937462622.jpg'); height: 40vh; display: flex; align-items: center;\">\r\n        <div class=\"container\">\r\n            <h1 class=\"reveal\">Cont\u00e1ctenos<\/h1>\r\n            <p class=\"reveal\" style=\"max-width: 600px; margin: 0 auto;\">\u00bfEst\u00e1 listo para optimizar su cadena de suministro global? Nuestro equipo est\u00e1 preparado para ayudarle con el despacho de aduanas, la log\u00edstica y el cumplimiento normativo.<\/p>\r\n        <\/div>\r\n    <\/section>\r\n\r\n    <!-- Contact Section -->\r\n    <section class=\"section-padding\" style=\"background-color: #f4f6f9;\">\r\n        <div class=\"container\">\r\n            <div class=\"grid-2\" style=\"align-items: flex-start;\">\r\n\r\n                <!-- Contact Info -->\r\n                <div >\r\n                    <h2 style=\"margin-bottom: 30px;\">Sede central global<\/h2>\r\n                    <p style=\"margin-bottom: 40px;\">Operamos en toda Am\u00e9rica con equipos especializados en Miami y Venezuela.<\/p>\r\n\r\n                    <div class=\"info-box\">\r\n                        <div class=\"info-icon\">\ud83d\udccd<\/div>\r\n                        <div class=\"info-content\">\r\n                            <h5>Miami, USA<\/h5>\r\n                            <p>123 Business Bay, Suite 400<br>Miami, FL 33131<\/p>\r\n                        <\/div>\r\n                    <\/div>\r\n\r\n                    <div class=\"info-box\">\r\n                        <div class=\"info-icon\">\ud83d\udea2<\/div>\r\n                        <div class=\"info-content\">\r\n                            <h5>Centro de operaciones<\/h5>\r\n                            <p>Puerto Cabello, Venezuela<br>Centro log\u00edstico estrat\u00e9gico<\/p>\r\n                        <\/div>\r\n                    <\/div>\r\n\r\n                    <div class=\"info-box\">\r\n                        <div class=\"info-icon\">\ud83d\udce7<\/div>\r\n                        <div class=\"info-content\">\r\n                            <h5>Email Us<\/h5>\r\n                            <p>sales@vieratrading.com<\/p>\r\n                        <\/div>\r\n                    <\/div>\r\n\r\n                    <div class=\"info-box\">\r\n                        <div class=\"info-icon\">\ud83d\udcde<\/div>\r\n                        <div class=\"info-content\">\r\n                            <h5>Ll\u00e1menos<\/h5>\r\n                            <p>+58 4129 726045<\/p>\r\n                        <\/div>\r\n                    <\/div>\r\n                <\/div>\r\n\r\n                <!-- Contact Form -->\r\n                <div class=\"contact-wrapper reveal\">\r\n                  \r\n             <div>\r\n    \t\t<div data-elementor-type=\"section\" data-elementor-id=\"293\" class=\"elementor elementor-293\" data-elementor-post-type=\"elementor_library\">\n\t\t\t<div class=\"elementor-element elementor-element-1d090d8 e-flex e-con-boxed elementor-invisible e-con e-parent\" data-id=\"1d090d8\" data-element_type=\"container\" data-e-type=\"container\" data-settings=\"{&quot;background_background&quot;:&quot;classic&quot;,&quot;animation&quot;:&quot;fadeInUp&quot;}\">\n\t\t\t\t\t<div class=\"e-con-inner\">\n\t\t\t\t<div class=\"elementor-element elementor-element-c96b0e3 elementor-widget elementor-widget-heading\" data-id=\"c96b0e3\" data-element_type=\"widget\" data-e-type=\"widget\" data-widget_type=\"heading.default\">\n\t\t\t\t<div class=\"elementor-widget-container\">\n\t\t\t\t\t<h2 class=\"elementor-heading-title elementor-size-default\"> Env\u00eda un mensaje<\/h2>\t\t\t\t<\/div>\n\t\t\t\t<\/div>\n\t\t\t\t<div class=\"elementor-element elementor-element-c633380 elementor-button-align-stretch elementor-widget elementor-widget-form\" data-id=\"c633380\" data-element_type=\"widget\" data-e-type=\"widget\" data-settings=\"{&quot;step_next_label&quot;:&quot;Next&quot;,&quot;step_previous_label&quot;:&quot;Previous&quot;,&quot;button_width&quot;:&quot;100&quot;,&quot;step_type&quot;:&quot;number_text&quot;,&quot;step_icon_shape&quot;:&quot;circle&quot;}\" data-widget_type=\"form.default\">\n\t\t\t\t<div class=\"elementor-widget-container\">\n\t\t\t\t\t\t\t<form class=\"elementor-form\" method=\"post\" name=\"New Form\" aria-label=\"New Form\" action=\"\">\n\t\t\t<input type=\"hidden\" name=\"post_id\" value=\"293\"\/>\n\t\t\t<input type=\"hidden\" name=\"form_id\" value=\"c633380\"\/>\n\t\t\t<input type=\"hidden\" name=\"referer_title\" value=\"\" \/>\n\n\t\t\t\n\t\t\t<div class=\"elementor-form-fields-wrapper elementor-labels-above\">\n\t\t\t\t\t\t\t\t<div class=\"elementor-field-type-text elementor-field-group elementor-column elementor-field-group-name elementor-col-100 elementor-field-required\">\n\t\t\t\t\t\t\t\t\t\t\t\t\t<input size=\"1\" type=\"text\" name=\"form_fields[name]\" id=\"form-field-name\" class=\"elementor-field elementor-size-sm  elementor-field-textual\" placeholder=\"Nombre y Apellido\" required=\"required\">\n\t\t\t\t\t\t\t\t\t\t\t<\/div>\n\t\t\t\t\t\t\t\t<div class=\"elementor-field-type-email elementor-field-group elementor-column elementor-field-group-email elementor-col-100 elementor-field-required\">\n\t\t\t\t\t\t\t\t\t\t\t\t\t<input size=\"1\" type=\"email\" name=\"form_fields[email]\" id=\"form-field-email\" class=\"elementor-field elementor-size-sm  elementor-field-textual\" placeholder=\"Correo electr\u00f3nico\" required=\"required\">\n\t\t\t\t\t\t\t\t\t\t\t<\/div>\n\t\t\t\t\t\t\t\t<div class=\"elementor-field-type-select elementor-field-group elementor-column elementor-field-group-field_991e8b6 elementor-col-100 elementor-field-required\">\n\t\t\t\t\t\t\t<div class=\"elementor-field elementor-select-wrapper remove-before\">\n\t\t\t<div class=\"select-caret-down-wrapper\">\n\t\t\t\t<svg aria-hidden=\"true\" class=\"e-font-icon-svg e-eicon-caret-down\" viewbox=\"0 0 571.4 571.4\" xmlns=\"http:\/\/www.w3.org\/2000\/svg\"><path d=\"M571 393Q571 407 561 418L311 668Q300 679 286 679T261 668L11 418Q0 407 0 393T11 368 36 357H536Q550 357 561 368T571 393Z\"><\/path><\/svg>\t\t\t<\/div>\n\t\t\t<select name=\"form_fields[field_991e8b6]\" id=\"form-field-field_991e8b6\" class=\"elementor-field-textual elementor-size-sm\" required=\"required\">\n\t\t\t\t\t\t\t\t\t<option value=\"General Inquiry\">Consulta general<\/option>\n\t\t\t\t\t\t\t\t\t<option value=\"Scrap Metal Sales\">Venta de chatarra<\/option>\n\t\t\t\t\t\t\t\t\t<option value=\"Agricultural Commodities\">Productos agr\u00edcolas b\u00e1sicos<\/option>\n\t\t\t\t\t\t\t\t\t<option value=\"Logistics &amp; Freight\">Log\u00edstica y transporte de mercanc\u00edas<\/option>\n\t\t\t\t\t\t\t<\/select>\n\t\t<\/div>\n\t\t\t\t\t\t<\/div>\n\t\t\t\t\t\t\t\t<div class=\"elementor-field-type-textarea elementor-field-group elementor-column elementor-field-group-message elementor-col-100 elementor-field-required\">\n\t\t\t\t\t<textarea class=\"elementor-field-textual elementor-field  elementor-size-sm\" name=\"form_fields[message]\" id=\"form-field-message\" rows=\"4\" placeholder=\"Mensaje\" required=\"required\"><\/textarea>\t\t\t\t<\/div>\n\t\t\t\t\t\t\t\t<div class=\"elementor-field-type-recaptcha_v3 elementor-field-group elementor-column elementor-field-group-field_288cc62 elementor-col-100 recaptcha_v3-inline\">\n\t\t\t\t\t<div class=\"elementor-field\" id=\"form-field-field_288cc62\"><div class=\"elementor-g-recaptcha\" data-sitekey=\"6LdoeGAsAAAAAOjG5NoYRumsJsa8yB1UJptUBMvO\" data-type=\"v3\" data-action=\"Form\" data-badge=\"inline\" data-size=\"invisible\"><\/div><\/div>\t\t\t\t<\/div>\n\t\t\t\t\t\t\t\t<div class=\"elementor-field-group elementor-column elementor-field-type-submit elementor-col-100 e-form__buttons\">\n\t\t\t\t\t<button class=\"elementor-button elementor-size-sm\" type=\"submit\">\n\t\t\t\t\t\t<span class=\"elementor-button-content-wrapper\">\n\t\t\t\t\t\t\t\t\t\t\t\t\t\t\t<span class=\"elementor-button-icon\">\n\t\t\t\t\t\t\t\t\t<svg aria-hidden=\"true\" class=\"e-font-icon-svg e-fas-long-arrow-alt-right\" viewbox=\"0 0 448 512\" xmlns=\"http:\/\/www.w3.org\/2000\/svg\"><path d=\"M313.941 216H12c-6.627 0-12 5.373-12 12v56c0 6.627 5.373 12 12 12h301.941v46.059c0 21.382 25.851 32.09 40.971 16.971l86.059-86.059c9.373-9.373 9.373-24.569 0-33.941l-86.059-86.059c-15.119-15.119-40.971-4.411-40.971 16.971V216z\"><\/path><\/svg>\t\t\t\t\t\t\t\t\t\t\t\t\t\t\t\t\t<\/span>\n\t\t\t\t\t\t\t\t\t\t\t\t\t\t\t\t\t\t\t\t\t\t<span class=\"elementor-button-text\">Enviar mensaje<\/span>\n\t\t\t\t\t\t\t\t\t\t\t\t\t<\/span>\n\t\t\t\t\t<\/button>\n\t\t\t\t<\/div>\n\t\t\t<\/div>\n\t\t<input type=\"hidden\" name=\"trp-form-language\" value=\"es\"\/><\/form>\n\t\t\t\t\t\t<\/div>\n\t\t\t\t<\/div>\n\t\t\t\t\t<\/div>\n\t\t\t\t<\/div>\n\t\t\t\t<\/div>\n\t\t\r\n<\/div>\r\n                   \r\n                <\/div>\r\n\r\n            <\/div>\r\n        <\/div>\r\n    <\/section>\r\n\r\n    <!-- Map Placeholder (Image or Iframe) -->\r\n    <section style=\"height: 400px; background-color: #ddd; position: relative;\">\r\n        <!-- Using a generated image or placeholder for map vibe -->\r\n        <!-- Since I don't have a map image, will use a CSS abstract representation or just a grayscale placeholder -->\r\n        <div\r\n            style=\"width: 100%; height: 100%; background: url('https:\/\/vieratrading.com\/wp-content\/uploads\/2026\/02\/hero_bg_1770165645870.jpg'); background-size: cover; background-position: center; filter: grayscale(100%); opacity: 0.5;\">\r\n        <\/div>\r\n        <div\r\n            style=\"position: absolute; top: 50%; left: 50%; transform: translate(-50%, -50%); padding: 20px; background: white; border-radius: 8px; box-shadow: 0 10px 30px rgba(0,0,0,0.1);\">\r\n            <p style=\"margin: 0; font-weight: 700; color: var(--primary-blue);\">Conectando las Am\u00e9ricas<\/p>\r\n        <\/div>\r\n    <\/section>\t\t\t\t<\/div>\n\t\t\t\t<\/div>\n\t\t\t\t<\/div>\n\t\t\t\t<\/div>","protected":false},"excerpt":{"rendered":"<p>Get in Touch Ready to streamline your global supply chain? Our team is ready to assist you with brokerage, logistics, and compliance. Global Headquarters Operating across the Americas with specialized teams in Miami and Venezuela. \ud83d\udccd Miami, USA 123 Business Bay, Suite 400Miami, FL 33131 \ud83d\udea2 Operations Center Puerto Cabello, VenezuelaStrategic Logistics Hub \ud83d\udce7 Email [&hellip;]<\/p>","protected":false},"author":1,"featured_media":0,"parent":0,"menu_order":0,"comment_status":"closed","ping_status":"closed","template":"","meta":{"footnotes":""},"class_list":["post-168","page","type-page","status-publish","hentry"],"_links":{"self":[{"href":"https:\/\/vieratrading.com\/es\/wp-json\/wp\/v2\/pages\/168","targetHints":{"allow":["GET"]}}],"collection":[{"href":"https:\/\/vieratrading.com\/es\/wp-json\/wp\/v2\/pages"}],"about":[{"href":"https:\/\/vieratrading.com\/es\/wp-json\/wp\/v2\/types\/page"}],"author":[{"embeddable":true,"href":"https:\/\/vieratrading.com\/es\/wp-json\/wp\/v2\/users\/1"}],"replies":[{"embeddable":true,"href":"https:\/\/vieratrading.com\/es\/wp-json\/wp\/v2\/comments?post=168"}],"version-history":[{"count":28,"href":"https:\/\/vieratrading.com\/es\/wp-json\/wp\/v2\/pages\/168\/revisions"}],"predecessor-version":[{"id":324,"href":"https:\/\/vieratrading.com\/es\/wp-json\/wp\/v2\/pages\/168\/revisions\/324"}],"wp:attachment":[{"href":"https:\/\/vieratrading.com\/es\/wp-json\/wp\/v2\/media?parent=168"}],"curies":[{"name":"wp","href":"https:\/\/api.w.org\/{rel}","templated":true}]}}