{"id":170,"date":"2026-02-04T01:46:15","date_gmt":"2026-02-04T01:46:15","guid":{"rendered":"https:\/\/vieratrading.com\/?page_id=170"},"modified":"2026-02-04T15:38:00","modified_gmt":"2026-02-04T15:38:00","slug":"scrap-metals","status":"publish","type":"page","link":"https:\/\/vieratrading.com\/es\/scrap-metals\/","title":{"rendered":"Chatarra"},"content":{"rendered":"<div data-elementor-type=\"wp-page\" data-elementor-id=\"170\" class=\"elementor elementor-170\" data-elementor-post-type=\"page\">\n\t\t\t\t<div class=\"elementor-element elementor-element-6f59b5f e-con-full e-flex e-con e-parent\" data-id=\"6f59b5f\" data-element_type=\"container\" data-e-type=\"container\">\n\t\t\t\t<div class=\"elementor-element elementor-element-b46574d elementor-widget elementor-widget-html\" data-id=\"b46574d\" data-element_type=\"widget\" data-e-type=\"widget\" data-widget_type=\"html.default\">\n\t\t\t\t<div class=\"elementor-widget-container\">\n\t\t\t\t\t    <section class=\"page-header\" style=\"background-image: url('https:\/\/vieratrading.com\/wp-content\/uploads\/2026\/02\/aluminium_scrap_1770165659371.jpg');\">\r\n        <div class=\"container\">\r\n            <h1 >El est\u00e1ndar mundial en chatarra industrial<\/h1>\r\n            <p >Adquisici\u00f3n y corretaje de metales reciclados de alta pureza.<\/p>\r\n        <\/div>\r\n    <\/section>\r\n\r\n    <!-- Content -->\r\n    <section class=\"section-padding\">\r\n        <div class=\"container\">\r\n            <div class=\"grid-2\">\r\n                <div>\r\n                    <h2>Metales ferrosos y no ferrosos<\/h2>\r\n                    <p>Nos especializamos en la adquisici\u00f3n y comercializaci\u00f3n de metales reciclados de alta pureza, garantizando que todas las cargas cumplan con las normas internacionales ISRI. Desde plantas de reciclaje hasta fundiciones globales, gestionamos el flujo de materiales que alimentan la infraestructura mundial.<\/p>\r\n\r\n                    <div style=\"margin-top: 30px;\">\r\n                        <h3 style=\"color: grey; font-size: 1.4rem;\">Alcance global<\/h3>\r\n                        <p>No solo realizamos env\u00edos a EE. UU., sino que operamos en todo el mundo, conectando fuentes de Am\u00e9rica Latina y el Caribe con f\u00e1bricas de Asia, Europa y Oriente Medio.<\/p>\r\n                    <\/div>\r\n                <\/div>\r\n                <div \r\n                    style=\"background-color: #fff; padding: 40px; border-radius: 8px; box-shadow: 0 10px 30px rgba(0,0,0,0.05);\">\r\n                    <h3 style=\"border-bottom: 2px solid #dca74a; padding-bottom: 10px; display: inline-block;\">Nuestros productos principales<\/h3>\r\n\r\n                    <div style=\"margin-top: 30px;\">\r\n                        <h4>Chatarra de aluminio<\/h4>\r\n                        <p>Corretaje de extrusiones 6063, Tense y Taint\/Tabor. Verificamos estrictamente la composici\u00f3n de los materiales  para cumplir con los requisitos de reciclaje de grado A.<\/p>\r\n                    <\/div>\r\n\r\n                    <div style=\"margin-top: 30px;\">\r\n                        <h4>HMS 1 y 2 (acero)<\/h4>\r\n                        <p>Expertos en acero de alta fusi\u00f3n. Gestionamos cargas completas en contenedores, proporcionando una rigurosa verificaci\u00f3n del peso y supervisi\u00f3n de la carga para garantizar la transparencia.<\/p>\r\n                    <\/div>\r\n                <\/div>\r\n            <\/div>\r\n        <\/div>\r\n    <\/section>\r\n\r\n    <section class=\"section-padding\" style=\"background-color: #eef2f6;\">\r\n        <div class=\"container\">\r\n            <div class=\"grid-2\">\r\n                <div class=\"feature-img\">\r\n                    <img decoding=\"async\" src=\"https:\/\/vieratrading.com\/wp-content\/uploads\/2026\/02\/WhatsApp-Image-2026-02-04-at-12.36.12-AM-1.jpeg\" alt=\"HMS 1 & 2 Steel Scrap\">\r\n                <\/div>\r\n                <div >\r\n                    <h3>Calidad y verificaci\u00f3n<\/h3>\r\n                    <p>En la industria de la chatarra, lo que importa es lo que se carga. Nos enorgullecemos de realizar inspecciones pr\u00e1cticas y supervisar la carga.<\/p>\r\n                    <ul style=\"list-style: disc; margin-left: 20px; color: #4a4a4a;\">\r\n                        <li style=\"margin-bottom: 10px;\">Cumplimiento estricto de las especificaciones de ISRI.<\/li>\r\n                        <li style=\"margin-bottom: 10px;\">Pruebas fotogr\u00e1ficas digitales de cada carga.<\/li>\r\n                        <li style=\"margin-bottom: 10px;\">Controles de radiaci\u00f3n e impurezas.<\/li>\r\n                    <\/ul>\r\n                <\/div>\r\n            <\/div>\r\n        <\/div>\r\n    <\/section>\r\n\t\t\t\t<\/div>\n\t\t\t\t<\/div>\n\t\t\t\t<\/div>\n\t\t\t\t<\/div>","protected":false},"excerpt":{"rendered":"<p>The Global Standard in Industrial Scrap Procurement and brokerage of high-purity recycled metals. Ferrous &#038; Non-Ferrous Metals We specialize in the procurement and brokerage of high-purity recycled metals, ensuring all loads comply with international ISRI standards. From recycling plants to global foundries, we manage the flow of materials that power the world&#8217;s infrastructure. Global Reach [&hellip;]<\/p>","protected":false},"author":1,"featured_media":0,"parent":0,"menu_order":0,"comment_status":"closed","ping_status":"closed","template":"","meta":{"footnotes":""},"class_list":["post-170","page","type-page","status-publish","hentry"],"_links":{"self":[{"href":"https:\/\/vieratrading.com\/es\/wp-json\/wp\/v2\/pages\/170","targetHints":{"allow":["GET"]}}],"collection":[{"href":"https:\/\/vieratrading.com\/es\/wp-json\/wp\/v2\/pages"}],"about":[{"href":"https:\/\/vieratrading.com\/es\/wp-json\/wp\/v2\/types\/page"}],"author":[{"embeddable":true,"href":"https:\/\/vieratrading.com\/es\/wp-json\/wp\/v2\/users\/1"}],"replies":[{"embeddable":true,"href":"https:\/\/vieratrading.com\/es\/wp-json\/wp\/v2\/comments?post=170"}],"version-history":[{"count":25,"href":"https:\/\/vieratrading.com\/es\/wp-json\/wp\/v2\/pages\/170\/revisions"}],"predecessor-version":[{"id":391,"href":"https:\/\/vieratrading.com\/es\/wp-json\/wp\/v2\/pages\/170\/revisions\/391"}],"wp:attachment":[{"href":"https:\/\/vieratrading.com\/es\/wp-json\/wp\/v2\/media?parent=170"}],"curies":[{"name":"wp","href":"https:\/\/api.w.org\/{rel}","templated":true}]}}