{"id":176,"date":"2026-02-04T01:46:59","date_gmt":"2026-02-04T01:46:59","guid":{"rendered":"https:\/\/vieratrading.com\/?page_id=176"},"modified":"2026-02-04T03:35:06","modified_gmt":"2026-02-04T03:35:06","slug":"compliance-documentation","status":"publish","type":"page","link":"https:\/\/vieratrading.com\/es\/compliance-documentation\/","title":{"rendered":"Compliance &amp; Documentation"},"content":{"rendered":"<div data-elementor-type=\"wp-page\" data-elementor-id=\"176\" class=\"elementor elementor-176\" data-elementor-post-type=\"page\">\n\t\t\t\t<div class=\"elementor-element elementor-element-0bf3ebd e-con-full e-flex e-con e-parent\" data-id=\"0bf3ebd\" data-element_type=\"container\" data-e-type=\"container\">\n\t\t\t\t<div class=\"elementor-element elementor-element-9c54d40 elementor-widget elementor-widget-html\" data-id=\"9c54d40\" data-element_type=\"widget\" data-e-type=\"widget\" data-widget_type=\"html.default\">\n\t\t\t\t<div class=\"elementor-widget-container\">\n\t\t\t\t\t    <!-- Page Header (No Image, just Gradient) -->\r\n    <section class=\"page-header\" style=\"background-image: url('https:\/\/vieratrading.com\/wp-content\/uploads\/2026\/02\/medium-shot-man-writing-scaled.jpg');\">\r\n        <div class=\"container\">\r\n            <h1 class=\"reveal\">Cumplimiento normativo y documentaci\u00f3n global<\/h1>\r\n            <p class=\"reveal\">Navegando con precisi\u00f3n por el panorama normativo.<\/p>\r\n        <\/div>\r\n    <\/section>\r\n\r\n    <!-- Content -->\r\n    <section class=\"section-padding\">\r\n        <div class=\"container\">\r\n            <div style=\"max-width: 900px; margin: 0 auto; text-align: center; margin-bottom: 60px;\" class=\"reveal\">\r\n                <p style=\"font-size: 1.2rem;\">En Viera Trading LLC, entendemos que la columna vertebral del comercio internacional no es solo la carga, sino la legalidad y la seguridad que hay detr\u00e1s de ella. Operamos como un puente de alto nivel entre Estados Unidos y Venezuela, garantizando que todas las transacciones cumplan con los est\u00e1ndares internacionales m\u00e1s estrictos.<\/p>\r\n            <\/div>\r\n\r\n            <div class=\"grid-2\" style=\"align-items: flex-start;\">\r\n                <!-- USA Section -->\r\n                <div class=\"compliance-card reveal\">\r\n                    <h3>\ud83c\uddfa\ud83c\uddf8 Experiencia en materia de regulaci\u00f3n en EE. UU.<\/h3>\r\n                    <p style=\"margin-bottom: 20px; font-weight: 600;\">Desde nuestra sede central en Miami, garantizamos una entrada fluida en el mercado estadounidense.<\/p>\r\n                    <ul class=\"compliance-list\">\r\n                        <li class=\"translation-block\"><strong>Cumplimiento de las normas de la FDA y el USDA:<\/strong> Nos encargamos de los rigurosos tr\u00e1mites necesarios para los\n                            productos agr\u00edcolas (caf\u00e9 y legumbres), asegur\u00e1ndonos de que se cumplan todos los \u00abavisos previos\u00bb y las certificaciones sanitarias\n                            .<\/li>\r\n                        <li class=\"translation-block\"><strong>Servicio de Aduanas y Protecci\u00f3n Fronteriza (CBP):<\/strong> Gestionamos las declaraciones ISF y la documentaci\u00f3n de entrada en aduana,\n                            garantizando el pleno cumplimiento de las leyes comerciales y las regulaciones arancelarias de EE. UU.<\/li>\r\n                        <li class=\"translation-block\"><strong>Normas de seguridad:<\/strong> Verificamos que todos los productos industriales y alimenticios\n                            cumplan con los est\u00e1ndares de seguridad y calidad de EE. UU. antes de que lleguen a territorio estadounidense.<\/li>\r\n                    <\/ul>\r\n                <\/div>\r\n\r\n                <!-- Venezuela Section -->\r\n                <div class=\"compliance-card reveal\">\r\n                    <h3>\ud83c\uddfb\ud83c\uddea Marco regulatorio de Venezuela<\/h3>\r\n                    <p style=\"margin-bottom: 20px; font-weight: 600;\">Ofrecemos experiencia sobre el terreno para navegar por el cambiante entorno comercial venezolano.<\/p>\r\n                    <ul class=\"compliance-list\">\r\n                        <li class=\"translation-block\"><strong>Gesti\u00f3n del SENIAT y Aduanas:<\/strong> Nuestro equipo se asegura de que todas las exportaciones e importaciones mar\u00edtimas\n                            est\u00e9n completamente documentadas seg\u00fan las leyes fiscales y aduaneras venezolanas.<\/li>\r\n                        <li class=\"translation-block\"><strong>Normativa sobre materiales estrat\u00e9gicos:<\/strong> En nuestra divisi\u00f3n de chatarra, cumplimos estrictamente  los marcos legales que regulan la exportaci\u00f3n de \u00abmateriales estrat\u00e9gicos\u00bb, asegur\u00e1ndonos de que todos los permisos y autorizaciones est\u00e9n en regla.<\/li>\r\n                        <li class=\"translation-block\"><strong>Protocolos de exportaci\u00f3n:<\/strong> Guiamos a los productores locales a trav\u00e9s del proceso \u00abdesde cero\u00bb,\n                            asegur\u00e1ndonos de que sus productos est\u00e9n listos para la exportaci\u00f3n.<\/li>\r\n                    <\/ul>\r\n                <\/div>\r\n            <\/div>\r\n\r\n\r\n\r\n        <\/div>\r\n    <\/section>\t\t\t\t<\/div>\n\t\t\t\t<\/div>\n\t\t\t\t<\/div>\n\t\t<div class=\"elementor-element elementor-element-e02a906 e-con-full e-flex e-con e-parent\" data-id=\"e02a906\" data-element_type=\"container\" data-e-type=\"container\">\n\t\t<div class=\"elementor-element elementor-element-d3dcffb e-con-full e-flex e-con e-child\" data-id=\"d3dcffb\" data-element_type=\"container\" data-e-type=\"container\" data-settings=\"{&quot;background_background&quot;:&quot;classic&quot;}\">\n\t\t\t\t<div class=\"elementor-element elementor-element-1bcfc06 elementor-widget elementor-widget-heading\" data-id=\"1bcfc06\" data-element_type=\"widget\" data-e-type=\"widget\" data-widget_type=\"heading.default\">\n\t\t\t\t<div class=\"elementor-widget-container\">\n\t\t\t\t\t<h2 class=\"elementor-heading-title elementor-size-default\">Por qu\u00e9 nos importa el cumplimiento normativo<\/h2>\t\t\t\t<\/div>\n\t\t\t\t<\/div>\n\t\t\t\t<div class=\"elementor-element elementor-element-529d8c4 elementor-widget elementor-widget-text-editor\" data-id=\"529d8c4\" data-element_type=\"widget\" data-e-type=\"widget\" data-widget_type=\"text-editor.default\">\n\t\t\t\t<div class=\"elementor-widget-container\">\n\t\t\t\t\t\t\t\t\tPara nuestros clientes, el cumplimiento normativo es un seguro. Al gestionar las complejidades legales de ambos pa\u00edses, eliminamos el riesgo de incautaciones, multas o retrasos. Su carga est\u00e1 protegida por 12 a\u00f1os de experiencia en materia normativa y un compromiso con el comercio transparente y \u00e9tico.\t\t\t\t\t\t\t\t<\/div>\n\t\t\t\t<\/div>\n\t\t\t\t<\/div>\n\t\t<div class=\"elementor-element elementor-element-92641f8 e-con-full e-flex e-con e-child\" data-id=\"92641f8\" data-element_type=\"container\" data-e-type=\"container\">\n\t\t\t\t<div class=\"elementor-element elementor-element-325907f elementor-widget elementor-widget-image\" data-id=\"325907f\" data-element_type=\"widget\" data-e-type=\"widget\" data-widget_type=\"image.default\">\n\t\t\t\t<div class=\"elementor-widget-container\">\n\t\t\t\t\t\t\t\t\t\t\t\t\t\t\t<img fetchpriority=\"high\" decoding=\"async\" width=\"800\" height=\"533\" src=\"https:\/\/vieratrading.com\/wp-content\/uploads\/2026\/02\/medium-shot-man-writing-1024x682.jpg\" class=\"attachment-large size-large wp-image-277\" alt=\"\" srcset=\"https:\/\/vieratrading.com\/wp-content\/uploads\/2026\/02\/medium-shot-man-writing-1024x682.jpg 1024w, https:\/\/vieratrading.com\/wp-content\/uploads\/2026\/02\/medium-shot-man-writing-300x200.jpg 300w, https:\/\/vieratrading.com\/wp-content\/uploads\/2026\/02\/medium-shot-man-writing-768x511.jpg 768w, https:\/\/vieratrading.com\/wp-content\/uploads\/2026\/02\/medium-shot-man-writing-1536x1022.jpg 1536w, https:\/\/vieratrading.com\/wp-content\/uploads\/2026\/02\/medium-shot-man-writing-2048x1363.jpg 2048w, https:\/\/vieratrading.com\/wp-content\/uploads\/2026\/02\/medium-shot-man-writing-18x12.jpg 18w\" sizes=\"(max-width: 800px) 100vw, 800px\" \/>\t\t\t\t\t\t\t\t\t\t\t\t\t\t\t<\/div>\n\t\t\t\t<\/div>\n\t\t\t\t<\/div>\n\t\t\t\t<\/div>\n\t\t\t\t<\/div>","protected":false},"excerpt":{"rendered":"<p>Compliance &#038; Global Documentation Navigating Regulatory Landscapes with Precision. At Viera Trading LLC, we understand that the backbone of international trade is not just the cargo, but the legality and safety behind it. We operate as a high-level bridge between the United States and Venezuela, ensuring every transaction adheres to the strictest international standards. \ud83c\uddfa\ud83c\uddf8 [&hellip;]<\/p>","protected":false},"author":1,"featured_media":0,"parent":0,"menu_order":0,"comment_status":"closed","ping_status":"closed","template":"","meta":{"footnotes":""},"class_list":["post-176","page","type-page","status-publish","hentry"],"_links":{"self":[{"href":"https:\/\/vieratrading.com\/es\/wp-json\/wp\/v2\/pages\/176","targetHints":{"allow":["GET"]}}],"collection":[{"href":"https:\/\/vieratrading.com\/es\/wp-json\/wp\/v2\/pages"}],"about":[{"href":"https:\/\/vieratrading.com\/es\/wp-json\/wp\/v2\/types\/page"}],"author":[{"embeddable":true,"href":"https:\/\/vieratrading.com\/es\/wp-json\/wp\/v2\/users\/1"}],"replies":[{"embeddable":true,"href":"https:\/\/vieratrading.com\/es\/wp-json\/wp\/v2\/comments?post=176"}],"version-history":[{"count":16,"href":"https:\/\/vieratrading.com\/es\/wp-json\/wp\/v2\/pages\/176\/revisions"}],"predecessor-version":[{"id":286,"href":"https:\/\/vieratrading.com\/es\/wp-json\/wp\/v2\/pages\/176\/revisions\/286"}],"wp:attachment":[{"href":"https:\/\/vieratrading.com\/es\/wp-json\/wp\/v2\/media?parent=176"}],"curies":[{"name":"wp","href":"https:\/\/api.w.org\/{rel}","templated":true}]}}